{"id":3266,"date":"2022-01-25T16:07:30","date_gmt":"2022-01-25T15:07:30","guid":{"rendered":"https:\/\/www.tamise.fr\/lgp\/?page_id=3266"},"modified":"2026-04-06T18:16:58","modified_gmt":"2026-04-06T16:16:58","slug":"politique-de-confidentialite","status":"publish","type":"page","link":"https:\/\/www.tamise.fr\/lgp\/politique-de-confidentialite\/","title":{"rendered":"Politique de confidentialit\u00e9"},"content":{"rendered":"<div class=\"brz-root__container brz-reset-all brz brz-root__container-page\">\n<section id=\"_qlyraknzwgvnhusrtusxelxyugyxvfxlzoii\" class=\"brz-section brz-css-1u646fx\">\n<div class=\"brz-section__content brz-section--boxed brz-css-1qlpl2k brz-css-gio8fz\" data-brz-custom-id=\"wdiyvkjnanfrdulhjrqhgbweomnaqrvchmas\">\n<div class=\"brz-bg\">\n<div class=\"brz-bg-color\"><\/div>\n<\/div>\n<div class=\"brz-container brz-css-qbox4g brz-css-1kkzuit\">\n<div class=\"brz-row__container brz-css-ye2v85\" data-brz-custom-id=\"regmoqncppnahokjmzbdimtipncnsucrnagw\">\n<div class=\"brz-bg\"><\/div>\n<div class=\"brz-row brz-css-5u70nt brz-css-kecqp0\">\n<div class=\"brz-columns brz-css-1ejxjeq brz-css-4ymxtp\" data-brz-custom-id=\"zkwcnqpqnmqzpjzvsauiwtueilswgldzzpjr\">\n<div class=\"brz-bg\"><\/div>\n<div class=\"brz-column__items brz-css-1aytnsz\">\n<div id=\"\" class=\"brz-css-1jkas9d brz-css-swxm0w brz-wrapper\">\n<div class=\"brz-spacer brz-css-1n58zjh\"><\/div>\n<\/div>\n<\/div>\n<\/div>\n<div class=\"brz-columns brz-css-1ejxjeq brz-css-tvc3kx\" data-brz-custom-id=\"yxcoyzxhvhsgzjpddnfjmzepmwsywgdptupx\">\n<div class=\"brz-bg\"><\/div>\n<div class=\"brz-column__items brz-css-1aytnsz\">\n<div id=\"\" class=\"brz-css-1jkas9d brz-css-10cdep1 brz-wrapper\">\n<div class=\"brz-rich-text brz-rich-text__custom brz-css-rj94cd\" data-brz-custom-id=\"vbsntiezuwazjmvtaulpeajeluuogwlsfurg\">\n<div data-brz-translate-text=\"1\">\n<p class=\"brz-text-lg-center brz-ls-lg-m_0_5 brz-lh-lg-1_3 brz-tp-lg-empty brz-ff-montserrat brz-ft-google brz-fs-lg-66 brz-fss-lg-px brz-fw-lg-200 brz-fss-xs-px brz-fw-xs-200 brz-ls-xs-m_0_5 brz-lh-xs-1_3 brz-tp-xs-empty brz-fs-xs-36 brz-css-bXX7U\" data-uniq-id=\"orzor\" data-generated-css=\"brz-css-vajrb\"><span class=\"brz-cp-color8\">Politique de Confidentialit\u00e9<\/span><\/p>\n<\/div>\n<\/div>\n<\/div>\n<\/div>\n<\/div>\n<div class=\"brz-columns brz-css-1ejxjeq brz-css-1l89d53\" data-brz-custom-id=\"xgougjfhkbpjzipxrcmhessebxzebkomdiwb\">\n<div class=\"brz-bg\"><\/div>\n<div class=\"brz-column__items brz-css-1aytnsz\">\n<div id=\"\" class=\"brz-css-1jkas9d brz-css-swxm0w brz-css-1pqm1ul brz-wrapper\">\n<div class=\"brz-spacer brz-css-1n58zjh\"><\/div>\n<\/div>\n<\/div>\n<\/div>\n<\/div>\n<\/div>\n<\/div>\n<\/div>\n<\/section>\n<section id=\"_bqkhbxmswplknekqjbyhjqykyvqmqggjilaf\" class=\"brz-section brz-css-1u646fx\">\n<div class=\"brz-section__content brz-section--boxed brz-css-1qlpl2k brz-css-bqpefo\" data-brz-custom-id=\"ncakiypwxuppaiqqztroxozsfkjzigcucvcl\">\n<div class=\"brz-container brz-css-qbox4g\">\n<div class=\"brz-row__container brz-css-ye2v85\" data-brz-custom-id=\"djksrpxkoalhzpiwupcdcqgocdrcaxakfkzq\">\n<div class=\"brz-bg\"><\/div>\n<div class=\"brz-row brz-css-5u70nt brz-css-kecqp0\">\n<div class=\"brz-columns brz-css-1ejxjeq brz-css-kgxzlr\" data-brz-custom-id=\"blhxkezoeiqkpjnqcgxbhsobyjfhcbojrbev\">\n<div class=\"brz-bg\"><\/div>\n<div class=\"brz-column__items brz-css-1aytnsz brz-css-p5pphq\">\n<div class=\"brz-row__container brz-css-ye2v85\" data-brz-custom-id=\"qyunmnzzppohwwrboutfoszsddoddhkoijdc\">\n<div class=\"brz-bg\"><\/div>\n<div class=\"brz-row brz-row--inner brz-css-5u70nt brz-css-kecqp0\">\n<div class=\"brz-columns brz-css-1ejxjeq brz-css-n4ebt7\" data-brz-custom-id=\"cvjzkldxygwcaawsadkhazpopbwbnsdljont\">\n<div class=\"brz-bg\"><\/div>\n<div class=\"brz-column__items brz-css-1aytnsz brz-css-ketu25\">\n<div id=\"\" class=\"brz-css-1jkas9d brz-wrapper\">\n<div class=\"brz-rich-text brz-rich-text__custom brz-css-rj94cd\" data-brz-custom-id=\"gmmakzgbldxdlzpziuxxogoatnwvkezjxqxy\">\n<div data-brz-translate-text=\"1\">\n<p class=\"brz-tp-lg-heading6 brz-text-lg-justify brz-css-wivyz\" data-uniq-id=\"pqmdk\" data-generated-css=\"brz-css-yrkgk\"><span>UTILISATION DES COOKIES<\/span><\/p>\n<\/div>\n<\/div>\n<\/div>\n<\/div>\n<\/div>\n<\/div>\n<\/div>\n<div class=\"brz-row__container brz-css-ye2v85\" data-brz-custom-id=\"ngiraxikaqugujemgvmphdqdzvjshyqqwwpn\">\n<div class=\"brz-bg\"><\/div>\n<div class=\"brz-row brz-row--inner brz-css-5u70nt brz-css-kecqp0\">\n<div class=\"brz-columns brz-css-1ejxjeq brz-css-1pvlezl\" data-brz-custom-id=\"plyqcsnseshlzfbsxvaokwbbtthydedkortm\">\n<div class=\"brz-bg\"><\/div>\n<div class=\"brz-column__items brz-css-1aytnsz\">\n<div id=\"\" class=\"brz-css-1jkas9d brz-css-geyuct brz-wrapper\">\n<div class=\"brz-rich-text brz-rich-text__custom brz-css-rj94cd\" data-brz-custom-id=\"nvctdiumtxapsceocvuvtqqlfooppszxeusd\">\n<div data-brz-translate-text=\"1\">\n<h5 class=\"brz-ft-google brz-tp-lg-empty brz-lh-lg-1_3 brz-ls-lg-0 brz-fw-lg-400 brz-fss-lg-px brz-fs-lg-16 brz-ff-lato brz-css-uUejf\" data-generated-css=\"brz-css-gjaxi\" data-uniq-id=\"bxpbv\"><span>Dans le but de toujours am\u00e9liorer votre exp\u00e9rience utilisateur, ce site utilise des cookies<\/span><\/h5>\n<\/div>\n<\/div>\n<\/div>\n<\/div>\n<\/div>\n<\/div>\n<\/div>\n<div class=\"brz-row__container brz-css-ye2v85\" data-brz-custom-id=\"wiuwfzwazzektfufpiqxypjnygzdwxnsxelv\">\n<div class=\"brz-bg\"><\/div>\n<div class=\"brz-row brz-row--inner brz-css-5u70nt brz-css-kecqp0\">\n<div class=\"brz-columns brz-css-1ejxjeq brz-css-zhot0v\" data-brz-custom-id=\"oyhzuayctfvnxqghiyirdwtdkcxcamazorpq\">\n<div class=\"brz-bg\"><\/div>\n<div class=\"brz-column__items brz-css-1aytnsz brz-css-xvc78c\">\n<div id=\"\" class=\"brz-css-1jkas9d brz-wrapper\">\n<div class=\"brz-rich-text brz-rich-text__custom brz-css-rj94cd\" data-brz-custom-id=\"clydidrzllrdqkxivqzmcevlvxlszeuefmsl\">\n<div data-brz-translate-text=\"1\">\n<p class=\"brz-tp-lg-heading6 brz-text-lg-justify brz-css-tMkN7\" data-generated-css=\"brz-css-vdcfw\" data-uniq-id=\"hrodn\"><span>QU&rsquo;EST-CE QU&rsquo;UN COOKIE ?<\/span><\/p>\n<\/div>\n<\/div>\n<\/div>\n<\/div>\n<\/div>\n<\/div>\n<\/div>\n<div class=\"brz-row__container brz-css-ye2v85\" data-brz-custom-id=\"dwceoaiygsccruuxdwdsjeolyuwtlpgbjxrp\">\n<div class=\"brz-bg\"><\/div>\n<div class=\"brz-row brz-row--inner brz-css-5u70nt brz-css-kecqp0\">\n<div class=\"brz-columns brz-css-1ejxjeq brz-css-1blr5bg\" data-brz-custom-id=\"hrccsihdtuoqivnfnqbqembiszjflcevmlzm\">\n<div class=\"brz-bg\"><\/div>\n<div class=\"brz-column__items brz-css-1aytnsz\">\n<div id=\"\" class=\"brz-css-1jkas9d brz-css-12w0jl8 brz-wrapper\">\n<div class=\"brz-rich-text brz-rich-text__custom brz-css-rj94cd\" data-brz-custom-id=\"fokztwydgibhntpmlhjncmcupjqssmivopeu\">\n<div data-brz-translate-text=\"1\">\n<p class=\"brz-tp-lg-paragraph brz-css-e7qdw\" data-uniq-id=\"jdvgc\" data-generated-css=\"brz-css-mxaix\"><span class=\"brz-cp-color7\">Un cookie est un petit fichier texte enregistr\u00e9, et\/ou lu par votre navigateur, d\u00e9pos\u00e9 par les sites internet que vous visitez. La plupart des sites utilisent ces cookies pour leur bon fonctionnement et ainsi optimiser leur ergonomie et leurs fonctionnalit\u00e9s. Les cookies s\u00e9curisent&nbsp;et acc\u00e9l\u00e8rent les interactions avec le site, car ils peuvent se souvenir de vos pr\u00e9f\u00e9rences (ex : votre langue) et envoyer ces informations au site d\u2019origine (cookies internes), lorsque vous visitez \u00e0 nouveau le site \u00e0 partir du m\u00eame p\u00e9riph\u00e9rique.<\/span><\/p>\n<p class=\"brz-tp-lg-paragraph brz-css-aB3jd\" data-uniq-id=\"ovfpm\" data-generated-css=\"brz-css-uesnm\"><span class=\"brz-cp-color7\"> <\/span><\/p>\n<p class=\"brz-tp-lg-paragraph brz-css-y_yU6\" data-uniq-id=\"ejwcj\" data-generated-css=\"brz-css-lyasb\"><span class=\"brz-cp-color7\">Il existe diff\u00e9rentes cat\u00e9gories de cookies, voici les trois utilis\u00e9s sur ce site :<\/span><\/p>\n<ul>\n<li class=\"brz-tp-lg-paragraph brz-bcp-color7 brz-css-bxtg7\" data-uniq-id=\"lnlee\" data-generated-css=\"brz-css-xjnef\"><span class=\"brz-cp-color7\">Les cookies indispensables&nbsp;&nbsp;: servent \u00e0 la navigation. Ils permettent d\u2019utiliser les fonctions de base du site et sont g\u00e9n\u00e9ralement install\u00e9s uniquement lorsque vous effectuez des actions (ex : remplir un formulaire). Ces cookies sont indispensables pour la visite du site web.<\/span><\/li>\n<li data-uniq-id=\"zkxyr\" data-generated-css=\"brz-css-ibttg\" class=\"brz-tp-lg-paragraph brz-bcp-color7 brz-css-pI_Ad\"><span class=\"brz-cp-color7\">Les cookies de fonctionnalit\u00e9&nbsp;: permettent de vous reconna\u00eetre lorsque vous revenez sur notre site et optimise votre exp\u00e9rience utilisateur. Ces cookies collectent des informations anonymes et ne peuvent pas tracer votre navigation sur d\u2019autres sites.<\/span><\/li>\n<li data-uniq-id=\"fmtro\" data-generated-css=\"brz-css-qykmp\" class=\"brz-ff-lato brz-ft-google brz-fs-lg-17 brz-fss-lg-px brz-fw-lg-400 brz-ls-lg-0 brz-lh-lg-1_7 brz-tp-lg-empty brz-bcp-color7 brz-css-wrHIs\"><span class=\"brz-cp-color7\">Les cookies d\u2019analyse et de performance&nbsp;ont une utilit\u00e9 statistique. Ils  permettent de reconna\u00eetre et de compter le nombre de visiteurs sur ce site. Les informations collect\u00e9es sur l\u2019utilisation du site (ex : quelles sont les pages les plus visit\u00e9es, page d\u2019erreur, etc.) ils servent \u00e0 am\u00e9liorer techniquement le fonctionnement de ce site internet.<\/span><\/li>\n<\/ul>\n<\/div>\n<\/div>\n<\/div>\n<\/div>\n<\/div>\n<\/div>\n<\/div>\n<div class=\"brz-row__container brz-css-ye2v85\" data-brz-custom-id=\"glofowgouhwcsmtkxmcfkqbzzxcvqhakfutg\">\n<div class=\"brz-bg\"><\/div>\n<div class=\"brz-row brz-row--inner brz-css-5u70nt brz-css-kecqp0\">\n<div class=\"brz-columns brz-css-1ejxjeq brz-css-1lgs9j6\" data-brz-custom-id=\"bcptqccihxzcrlbhhcrochgfqunozefenwgc\">\n<div class=\"brz-bg\"><\/div>\n<div class=\"brz-column__items brz-css-1aytnsz brz-css-1vbir6\">\n<div id=\"\" class=\"brz-css-1jkas9d brz-wrapper\">\n<div class=\"brz-rich-text brz-rich-text__custom brz-css-rj94cd\" data-brz-custom-id=\"btzhcvhyfqovcwzxmhmegdondauhddnkzgsn\">\n<div data-brz-translate-text=\"1\">\n<p class=\"brz-text-lg-justify brz-tp-lg-heading6 brz-css-r7Dq7\" data-uniq-id=\"bhbwd\" data-generated-css=\"brz-css-qzawf\"><span>COMMENT D\u00c9SACTIVER LES COOKIES ?<\/span><\/p>\n<\/div>\n<\/div>\n<\/div>\n<\/div>\n<\/div>\n<\/div>\n<\/div>\n<div class=\"brz-row__container brz-css-ye2v85\" data-brz-custom-id=\"jhugmoppycpfrnunckzboatqkszfqbwmwxag\">\n<div class=\"brz-bg\"><\/div>\n<div class=\"brz-row brz-row--inner brz-css-5u70nt brz-css-kecqp0\">\n<div class=\"brz-columns brz-css-1ejxjeq brz-css-9pt2fv\" data-brz-custom-id=\"hykepdoornsajeqeqrprkrqogpuoxfsywhcc\">\n<div class=\"brz-bg\"><\/div>\n<div class=\"brz-column__items brz-css-1aytnsz\">\n<div id=\"\" class=\"brz-css-1jkas9d brz-css-1qs577c brz-wrapper\">\n<div class=\"brz-rich-text brz-rich-text__custom brz-css-rj94cd\" data-brz-custom-id=\"hkbytzufhtqslpaowellxcktfkhtshndzdct\">\n<div data-brz-translate-text=\"1\">\n<p class=\"brz-tp-lg-paragraph brz-css-rNayF\" data-uniq-id=\"xskkg\" data-generated-css=\"brz-css-ofkcm\"><span class=\"brz-cp-color7\">Si vous souhaitez refuser l\u2019utilisation de cookies, vous pouvez param\u00e9trer votre navigateur.<\/span><\/p>\n<p class=\"brz-tp-lg-paragraph brz-css-nwX_T\" data-uniq-id=\"yyfvb\" data-generated-css=\"brz-css-odcjx\"><span class=\"brz-cp-color7\">Pour supprimer les cookies enregistr\u00e9s sur votre p\u00e9riph\u00e9rique et param\u00e9trer votre navigateur pour r\u00e9voquer l\u2019utilisation des cookies, il vous suffit de modifier les pr\u00e9f\u00e9rences de votre navigateur internet (dans les menus \u00ab Options \u00bb, \u00ab Outils \u00bb ou \u00ab Pr\u00e9f\u00e9rences \u00bb)<\/span><\/p>\n<p class=\"brz-tp-lg-paragraph brz-css-k2EgB\" data-uniq-id=\"terge\" data-generated-css=\"brz-css-mpmsm\"><span class=\"brz-cp-color7\">Selon le navigateur utilis\u00e9, la d\u00e9marche pour d\u00e9sactiver les cookies peut diff\u00e9rer :<\/span><\/p>\n<p class=\"brz-tp-lg-paragraph brz-css-zu716\" data-uniq-id=\"axxcw\" data-generated-css=\"brz-css-smeez\"><a class=\"brz-cp-color2 link--external\" href=\"https:\/\/support.google.com\/accounts\/answer\/61416?hl=fr\" data-brz-link-type=\"external\" target=\"_blank\" rel=\"nofollow\">Google Chrome<\/a><\/p>\n<p class=\"brz-tp-lg-paragraph brz-css-r1bex\" data-uniq-id=\"wmhos\" data-generated-css=\"brz-css-bwqvz\"><a class=\"brz-cp-color2 link--external\" href=\"https:\/\/support.mozilla.org\/fr\/kb\/protection-renforcee-contre-pistage-firefox-ordinateur?redirectslug=activer-desactiver-cookies&amp;redirectlocale=fr\" data-brz-link-type=\"external\" target=\"_blank\" rel=\"nofollow\">Firefox<\/a><\/p>\n<p class=\"brz-tp-lg-paragraph brz-css-wA99N\" data-uniq-id=\"sskpe\" data-generated-css=\"brz-css-zzyys\"><a class=\"brz-cp-color2 link--external\" href=\"https:\/\/support.microsoft.com\/fr-fr\/windows\/supprimer-et-g%C3%A9rer-les-cookies-168dab11-0753-043d-7c16-ede5947fc64d\" data-brz-link-type=\"external\" target=\"_blank\" rel=\"nofollow\">Microsoft Internet Explorer<\/a><\/p>\n<p class=\"brz-tp-lg-paragraph brz-css-i4JmX\" data-uniq-id=\"ghoxv\" data-generated-css=\"brz-css-odrll\"><a class=\"brz-cp-color2 link--external\" href=\"https:\/\/support.apple.com\/fr-fr\/guide\/safari\/sfri11471\/mac\" data-brz-link-type=\"external\" target=\"_blank\" rel=\"nofollow\">Safari<\/a><\/p>\n<h5 class=\"brz-ff-lato brz-ft-google brz-fs-lg-17 brz-fss-lg-px brz-fw-lg-400 brz-ls-lg-0 brz-lh-lg-1_7 brz-tp-lg-empty brz-css-iM5sa\" data-generated-css=\"brz-css-teolh\" data-uniq-id=\"ponst\"><span class=\"brz-cp-color7\">Attention toutefois, si vous refusez, depuis votre navigateur internet, l\u2019enregistrement de cookies sur votre p\u00e9riph\u00e9rique, vous ne serez peut-\u00eatre plus en mesure de naviguer sur ce site ou votre exp\u00e9rience utilisateur pourra \u00eatre fortement d\u00e9grad\u00e9e.<\/span><\/h5>\n<\/div>\n<\/div>\n<\/div>\n<\/div>\n<\/div>\n<\/div>\n<\/div>\n<\/div>\n<\/div>\n<\/div>\n<\/div>\n<\/div>\n<\/div>\n<\/section>\n<\/div>\n<p>    <!-- version:1737059040 --><\/p>\n","protected":false},"excerpt":{"rendered":"<p>Politique de Confidentialit\u00e9 UTILISATION DES COOKIES Dans le but de toujours am\u00e9liorer votre exp\u00e9rience utilisateur, ce site utilise des cookies QU&rsquo;EST-CE QU&rsquo;UN COOKIE ? Un cookie est un petit fichier texte enregistr\u00e9, et\/ou lu par votre navigateur, d\u00e9pos\u00e9 par les sites internet que vous visitez. La plupart des sites utilisent ces cookies pour leur bon [&hellip;]<\/p>\n","protected":false},"author":1,"featured_media":0,"parent":0,"menu_order":0,"comment_status":"closed","ping_status":"closed","template":"","meta":{"footnotes":""},"class_list":["post-3266","page","type-page","status-publish","hentry"],"blocksy_meta":{"page_title_panel":"","has_hero_section":"disabled","ba0e81bd606913bbc88e92197562ba4d":"","hero_section":"type-1","hero_elements":[{"id":"custom_title","enabled":true,"heading_tag":"h1","title":"Home"},{"id":"custom_description","enabled":true,"description_visibility":{"desktop":true,"tablet":true,"mobile":false}},{"id":"custom_meta","enabled":false,"meta_elements":[{"id":"author","enabled":true,"label":"By","has_author_avatar":"yes","avatar_size":25},{"id":"post_date","enabled":true,"label":"On","date_format_source":"default","date_format":"M j, Y"},{"id":"comments","enabled":true}],"page_meta_elements":{"joined":true,"articles_count":true,"comments":true}},{"id":"breadcrumbs","enabled":false}],"413eb15c1d3eafcdb8880cacad8f558c":"","hero_alignment1":"left","hero_alignment2":"center","hero_vertical_alignment":"center","hero_structure":"narrow","8204a8c340d21d4486f11a811610c8b9":"","hero_height":"230px","parallax":{"desktop":false,"tablet":false,"mobile":false},"pageTitleFont":{"family":"Default","variation":"Default","size":{"desktop":"32px","tablet":"30px","mobile":"25px"},"line-height":"1.3","letter-spacing":"CT_CSS_SKIP_RULE","text-transform":"CT_CSS_SKIP_RULE","text-decoration":"CT_CSS_SKIP_RULE"},"pageTitleFontColor":{"default":{"color":"CT_CSS_SKIP_RULEDEFAULT"}},"pageMetaFont":{"family":"Default","variation":"n6","size":{"desktop":"12px","tablet":"12px","mobile":"12px"},"line-height":"1.3","letter-spacing":"CT_CSS_SKIP_RULE","text-transform":"uppercase","text-decoration":"CT_CSS_SKIP_RULE"},"pageMetaFontColor":{"default":{"color":"CT_CSS_SKIP_RULEDEFAULT"},"hover":{"color":"CT_CSS_SKIP_RULEDEFAULT"}},"pageExcerptFont":{"family":"Default","variation":"n5","size":"CT_CSS_SKIP_RULE","line-height":"CT_CSS_SKIP_RULE","letter-spacing":"CT_CSS_SKIP_RULE","text-transform":"CT_CSS_SKIP_RULE","text-decoration":"CT_CSS_SKIP_RULE"},"pageExcerptColor":{"default":{"color":"CT_CSS_SKIP_RULEDEFAULT"}},"breadcrumbsFont":{"family":"Default","variation":"n6","size":"12px","line-height":"CT_CSS_SKIP_RULE","letter-spacing":"CT_CSS_SKIP_RULE","text-transform":"uppercase","text-decoration":"CT_CSS_SKIP_RULE"},"breadcrumbsFontColor":{"default":{"color":"CT_CSS_SKIP_RULEDEFAULT"},"initial":{"color":"CT_CSS_SKIP_RULEDEFAULT"},"hover":{"color":"CT_CSS_SKIP_RULEDEFAULT"}},"pageTitleOverlay":{"default":{"color":"rgba(41, 51, 60, 0.2)"}},"pageTitleBackground":{"background_type":"color","background_pattern":"type-1","background_image":{"attachment_id":null,"x":0,"y":0},"background_repeat":"no-repeat","background_size":"auto","background_attachment":"scroll","patternColor":{"default":{"color":"#e5e7ea"}},"backgroundColor":{"default":{"color":"#EDEFF2"}}},"2af846da393d6a3c2b64010b60259fd9":"","page_structure_type":"default","content_style":"inherit","vertical_spacing_source":"custom","content_area_spacing":"none","background":{"background_type":"color","background_pattern":"type-1","background_image":{"attachment_id":null,"x":0,"y":0},"background_repeat":"no-repeat","background_size":"auto","background_attachment":"scroll","patternColor":{"default":{"color":"#e5e7ea"}},"backgroundColor":{"default":{"color":"CT_CSS_SKIP_RULE"}}},"content_background":{"background_type":"color","background_pattern":"type-1","background_image":{"attachment_id":null,"x":0,"y":0},"background_repeat":"no-repeat","background_size":"auto","background_attachment":"scroll","patternColor":{"default":{"color":"#e5e7ea"}},"backgroundColor":{"default":{"color":"#ffffff"}}},"content_boxed_spacing":{"desktop":"40px","tablet":"35px","mobile":"20px"},"content_boxed_radius":{"top":"3px","bottom":"3px","left":"3px","right":"3px","linked":true},"content_boxed_shadow":{"blur":18,"spread":-6,"v_offset":12,"h_offset":0,"inset":false,"enable":true,"color":{"color":"rgba(34, 56, 101, 0.04)"}},"efa5da0361e682b1c80e5badb5495fd6":"","disable_featured_image":"no","disable_header":"no","disable_footer":"no","styles_descriptor":{"styles":{"desktop":"","tablet":"","mobile":""},"google_fonts":[],"version":6}},"brizy_media":[{"id":2822,"url":"https:\/\/www.tamise.fr\/lgp\/wp-content\/uploads\/2022\/01\/print.jpg","name":"print.jpg","meta":{"brizy_attachment_uid":"wp-b6038993f916f290b417d33554d7647e.jpg","brizy_post_uid":["7b2c71173587ba2a117eac11e2075951"]}},{"id":2825,"url":"https:\/\/www.tamise.fr\/lgp\/wp-content\/uploads\/2022\/01\/web.jpg","name":"web.jpg","meta":{"brizy_attachment_uid":"wp-e55cbc89e7c42b0f428c23e676bf17dd.jpg","brizy_post_uid":["7b2c71173587ba2a117eac11e2075951"]}},{"id":2828,"url":"https:\/\/www.tamise.fr\/lgp\/wp-content\/uploads\/2022\/01\/illu.jpg","name":"illu.jpg","meta":{"brizy_attachment_uid":"wp-22ffa77220356a4327e34c01f4584853.jpg","brizy_post_uid":["7b2c71173587ba2a117eac11e2075951"]}},{"id":2846,"url":"https:\/\/www.tamise.fr\/lgp\/wp-content\/uploads\/2022\/01\/mg_monde.png","name":"mg_monde.png","meta":{"brizy_attachment_uid":"wp-07e56d9141da23239f5c16006a62e790.png","brizy_post_uid":["7b2c71173587ba2a117eac11e2075951"]}}],"_links":{"self":[{"href":"https:\/\/www.tamise.fr\/lgp\/wp-json\/wp\/v2\/pages\/3266","targetHints":{"allow":["GET"]}}],"collection":[{"href":"https:\/\/www.tamise.fr\/lgp\/wp-json\/wp\/v2\/pages"}],"about":[{"href":"https:\/\/www.tamise.fr\/lgp\/wp-json\/wp\/v2\/types\/page"}],"author":[{"embeddable":true,"href":"https:\/\/www.tamise.fr\/lgp\/wp-json\/wp\/v2\/users\/1"}],"replies":[{"embeddable":true,"href":"https:\/\/www.tamise.fr\/lgp\/wp-json\/wp\/v2\/comments?post=3266"}],"version-history":[{"count":12,"href":"https:\/\/www.tamise.fr\/lgp\/wp-json\/wp\/v2\/pages\/3266\/revisions"}],"predecessor-version":[{"id":3285,"href":"https:\/\/www.tamise.fr\/lgp\/wp-json\/wp\/v2\/pages\/3266\/revisions\/3285"}],"wp:attachment":[{"href":"https:\/\/www.tamise.fr\/lgp\/wp-json\/wp\/v2\/media?parent=3266"}],"curies":[{"name":"wp","href":"https:\/\/api.w.org\/{rel}","templated":true}]}}